{"id":9,"date":"2019-03-25T10:38:17","date_gmt":"2019-03-25T09:38:17","guid":{"rendered":"https:\/\/anja.thisfro.ch\/?page_id=9"},"modified":"2024-10-22T13:48:57","modified_gmt":"2024-10-22T11:48:57","slug":"about","status":"publish","type":"page","link":"https:\/\/anjabirrer.ch\/index.php\/about\/","title":{"rendered":"About"},"content":{"rendered":"<div class=\"wp-block-image\">\n<figure class=\"aligncenter size-large is-resized\"><img loading=\"lazy\" decoding=\"async\" width=\"1024\" height=\"264\" src=\"https:\/\/anjabirrer.ch\/wp-content\/uploads\/2022\/06\/hand-3-1024x264.jpg\" alt=\"\" class=\"wp-image-403\" style=\"aspect-ratio:3.9034482758620688;width:512px;height:auto\" srcset=\"https:\/\/anjabirrer.ch\/wp-content\/uploads\/2022\/06\/hand-3-1024x264.jpg 1024w, https:\/\/anjabirrer.ch\/wp-content\/uploads\/2022\/06\/hand-3-300x77.jpg 300w, https:\/\/anjabirrer.ch\/wp-content\/uploads\/2022\/06\/hand-3-768x198.jpg 768w, https:\/\/anjabirrer.ch\/wp-content\/uploads\/2022\/06\/hand-3-1536x395.jpg 1536w, https:\/\/anjabirrer.ch\/wp-content\/uploads\/2022\/06\/hand-3-2048x527.jpg 2048w\" sizes=\"auto, (max-width: 1024px) 100vw, 1024px\" \/><\/figure>\n<\/div>\n\n\n<p><\/p>\n\n\n\n<p class=\"has-text-align-center\">Ich bin Anja, willkommen auf meiner Website!<br>Sch\u00f6n, dass du vorbeischaust. <br>Ich bin leidenschaftliche Illustratorin und Gestalterin. <br>Falls du mehr wissen m\u00f6chtest <br>oder du auf der Suche nach gestalterischer Unterst\u00fctzung bist, <br>w\u00fcrde ich mich sehr freuen von dir zu h\u00f6ren.<br><br><a href=\"mailto:hallo@anjabirrer.ch\">hallo@anjabirrer.ch<\/a><\/p>\n\n\n\n<p><\/p>\n\n\n\n<p class=\"has-text-align-center\"><br>Um noch etwas mehr Einblicke in meine Arbeit zu erhalten,<br> schaue auch auf Instagram <a href=\"https:\/\/www.instagram.com\/anja.birrer\/\">@anja.birrer<\/a> vorbei.<\/p>\n\n\n\n<p><\/p>\n\n\n<div class=\"wp-block-image\">\n<figure class=\"aligncenter size-large is-resized\"><img loading=\"lazy\" decoding=\"async\" width=\"1024\" height=\"784\" src=\"https:\/\/anjabirrer.ch\/wp-content\/uploads\/2022\/06\/Bildschirmfoto-2022-06-11-um-15.00.09-1024x784.png\" alt=\"\" class=\"wp-image-363\" style=\"aspect-ratio:1.307070707070707;width:527px;height:auto\" srcset=\"https:\/\/anjabirrer.ch\/wp-content\/uploads\/2022\/06\/Bildschirmfoto-2022-06-11-um-15.00.09-1024x784.png 1024w, https:\/\/anjabirrer.ch\/wp-content\/uploads\/2022\/06\/Bildschirmfoto-2022-06-11-um-15.00.09-300x230.png 300w, https:\/\/anjabirrer.ch\/wp-content\/uploads\/2022\/06\/Bildschirmfoto-2022-06-11-um-15.00.09-768x588.png 768w, https:\/\/anjabirrer.ch\/wp-content\/uploads\/2022\/06\/Bildschirmfoto-2022-06-11-um-15.00.09-1536x1175.png 1536w, https:\/\/anjabirrer.ch\/wp-content\/uploads\/2022\/06\/Bildschirmfoto-2022-06-11-um-15.00.09.png 1968w\" sizes=\"auto, (max-width: 1024px) 100vw, 1024px\" \/><\/figure>\n<\/div>\n\n\n<p><\/p>\n\n\n\n<p><\/p>\n\n\n\n<p class=\"has-text-align-center has-small-font-size\">Alle Inhalte d\u00fcrfen nur mit Einwilligung verwendet werden. Copyright \u00a9 Anja Birrer<\/p>\n","protected":false},"excerpt":{"rendered":"<p>Ich bin Anja, willkommen auf meiner Website!Sch\u00f6n, dass du vorbeischaust. Ich bin leidenschaftliche Illustratorin und Gestalterin. Falls du mehr wissen m\u00f6chtest oder du auf der [&hellip;]<\/p>\n","protected":false},"author":1,"featured_media":0,"parent":0,"menu_order":0,"comment_status":"closed","ping_status":"closed","template":"","meta":{"footnotes":""},"class_list":["post-9","page","type-page","status-publish","hentry"],"_links":{"self":[{"href":"https:\/\/anjabirrer.ch\/index.php\/wp-json\/wp\/v2\/pages\/9","targetHints":{"allow":["GET"]}}],"collection":[{"href":"https:\/\/anjabirrer.ch\/index.php\/wp-json\/wp\/v2\/pages"}],"about":[{"href":"https:\/\/anjabirrer.ch\/index.php\/wp-json\/wp\/v2\/types\/page"}],"author":[{"embeddable":true,"href":"https:\/\/anjabirrer.ch\/index.php\/wp-json\/wp\/v2\/users\/1"}],"replies":[{"embeddable":true,"href":"https:\/\/anjabirrer.ch\/index.php\/wp-json\/wp\/v2\/comments?post=9"}],"version-history":[{"count":32,"href":"https:\/\/anjabirrer.ch\/index.php\/wp-json\/wp\/v2\/pages\/9\/revisions"}],"predecessor-version":[{"id":452,"href":"https:\/\/anjabirrer.ch\/index.php\/wp-json\/wp\/v2\/pages\/9\/revisions\/452"}],"wp:attachment":[{"href":"https:\/\/anjabirrer.ch\/index.php\/wp-json\/wp\/v2\/media?parent=9"}],"curies":[{"name":"wp","href":"https:\/\/api.w.org\/{rel}","templated":true}]}}